{"id":2118,"date":"2018-05-18T21:03:19","date_gmt":"2018-05-18T21:03:19","guid":{"rendered":"https:\/\/knips.art\/?page_id=2118"},"modified":"2018-05-18T21:04:31","modified_gmt":"2018-05-18T21:04:31","slug":"datenschutzerklaerung","status":"publish","type":"page","link":"https:\/\/knips.art\/?page_id=2118","title":{"rendered":"Datenschutzerkl\u00e4rung"},"content":{"rendered":"<div id=\"pl-2118\"  class=\"panel-layout\" ><div id=\"pg-2118-0\"  class=\"panel-grid panel-no-style\" ><div id=\"pgc-2118-0-0\"  class=\"panel-grid-cell\" ><div id=\"panel-2118-0-0-0\" class=\"so-panel widget widget_sow-editor panel-first-child panel-last-child\" data-index=\"0\" ><div\n\t\t\t\n\t\t\tclass=\"so-widget-sow-editor so-widget-sow-editor-base\"\n\t\t\t\n\t\t>\n<div class=\"siteorigin-widget-tinymce textwidget\">\n\t<h2>Wer wir sind<\/h2>\n<p>Die Adresse unserer Website ist: https:\/\/knips.art.<\/p>\n<p>E-Mail: razzo@knips.art<\/p>\n<h2>Erkl\u00e4rung zur Informationspflicht<br \/>(Datenschutzerkl\u00e4rung)<\/h2>\n<p>Der Schutz Ihrer pers\u00f6nlichen Daten ist uns ein besonderes Anliegen. Wir verarbeiten Ihre Daten daher ausschlie\u00dflich auf Grundlage der gesetzlichen Bestimmungen (DSGVO, TKG 2003). In diesen Datenschutzinformationen informieren wir Sie \u00fcber die wichtigsten Aspekte der Datenverarbeitung im Rahmen unserer Website.<\/p>\n<h2>Kontakt mit uns<\/h2>\n<p>Wenn Sie per Formular auf der Website oder per E-Mail Kontakt mit uns aufnehmen, werden Ihre angegebenen Daten zwecks Bearbeitung der Anfrage und f\u00fcr den Fall von Anschlussfragen sechs Monate bei uns gespeichert. Diese Daten geben wir nicht ohne Ihre Einwilligung weiter.<\/p>\n<h2>Welche personenbezogenen Daten wir sammeln und warum wir sie sammeln<\/h2>\n<p>Bei jedem Zugriff eines Nutzers auf unserer Webseite werden tempor\u00e4r Daten automatisiert \u00fcber den Besucher erfasst und in Logfiles gespeichert. Die IP-Adresse der Besucher Ihrer Webseite speichern wir zur Erkennung und Abwehr von m\u00f6glichen Angriffen und um die Stabilit\u00e4t und Sicherheit im Allgemeinen zu gew\u00e4hrleisten. Folgende Daten werden erfasst und bis zur automatisierten L\u00f6schung gespeichert:<\/p>\n<p>IP-Adresse des anfragenden Rechners<br \/>Datum und Uhrzeit des Zugriffs<br \/>Name und URL der abgerufenen Datei<br \/>Zugriffsstatus (http-Status)<br \/>\u00dcbertragende Datenmenge<br \/>Erkennungsdaten des verwendeten Browser- und Betriebssystems<br \/>Webseite, von der aus der Zugriff erfolgt<br \/>Name Ihres Internet-Zugangs-Providers<\/p>\n<p>Eine Speicherung dieser Daten zusammen mit anderen personenbezogenen Daten von Ihnen findet nicht statt.<br \/>Wie lange werden Logfiles gespeichert?<\/p>\n<p>Die Speicherfristen f\u00fcr Log-Dateien sind wie folgt:<\/p>\n<p>Mailserver-Logs: 7 Tage<br \/>Webserver-Logs (Apache, Nginx): 14 Tage<\/p>\n<h3>Kommentare<\/h3>\n<p>Wenn Besucher Kommentare auf der Website schreiben, sammeln wir die Daten, die im Kommentar-Formular angezeigt werden, au\u00dferdem die IP-Adresse des Besuchers und den User-Agent-String (damit wird der Browser identifiziert), um die Erkennung von Spam zu unterst\u00fctzen.<\/p>\n<p>Aus deiner E-Mail-Adresse kann eine anonymisierte Zeichenfolge erstellt (auch Hash genannt) und dem Gravatar-Dienst \u00fcbergeben werden, um zu pr\u00fcfen, ob du diesen benutzt. Die Datenschutzerkl\u00e4rung des Gravatar-Dienstes findest du hier: https:\/\/automattic.com\/privacy\/. Nachdem dein Kommentar freigegeben wurde, ist dein Profilbild \u00f6ffentlich im Kontext deines Kommentars sichtbar.<\/p>\n<p>&nbsp;<\/p>\n<\/div>\n<\/div><\/div><\/div><\/div><\/div>","protected":false},"excerpt":{"rendered":"<p>Wer wir sindDie Adresse unserer Website ist: https:\/\/knips.art.E-Mail: razzo@knips.artErkl\u00e4rung zur Informationspflicht(Datenschutzerkl\u00e4rung)Der Schutz Ihrer pers\u00f6nlichen Daten ist uns ein besonderes Anliegen. Wir verarbeiten Ihre Daten daher ausschlie\u00dflich auf Grundlage der gesetzlichen Bestimmungen (DSGVO, TKG 2003). In diesen Datenschutzinformationen informieren wir Sie \u00fcber die wichtigsten Aspekte der Datenverarbeitung im Rahmen unserer Website.Kontakt mit unsWenn Sie per Formular [&hellip;]<\/p>\n","protected":false},"author":1,"featured_media":0,"parent":0,"menu_order":0,"comment_status":"closed","ping_status":"closed","template":"home-panels.php","meta":{"ngg_post_thumbnail":0,"footnotes":""},"class_list":["post-2118","page","type-page","status-publish","hentry","post"],"_links":{"self":[{"href":"https:\/\/knips.art\/index.php?rest_route=\/wp\/v2\/pages\/2118","targetHints":{"allow":["GET"]}}],"collection":[{"href":"https:\/\/knips.art\/index.php?rest_route=\/wp\/v2\/pages"}],"about":[{"href":"https:\/\/knips.art\/index.php?rest_route=\/wp\/v2\/types\/page"}],"author":[{"embeddable":true,"href":"https:\/\/knips.art\/index.php?rest_route=\/wp\/v2\/users\/1"}],"replies":[{"embeddable":true,"href":"https:\/\/knips.art\/index.php?rest_route=%2Fwp%2Fv2%2Fcomments&post=2118"}],"version-history":[{"count":3,"href":"https:\/\/knips.art\/index.php?rest_route=\/wp\/v2\/pages\/2118\/revisions"}],"predecessor-version":[{"id":3580,"href":"https:\/\/knips.art\/index.php?rest_route=\/wp\/v2\/pages\/2118\/revisions\/3580"}],"wp:attachment":[{"href":"https:\/\/knips.art\/index.php?rest_route=%2Fwp%2Fv2%2Fmedia&parent=2118"}],"curies":[{"name":"wp","href":"https:\/\/api.w.org\/{rel}","templated":true}]}}